{"id":39,"date":"2021-07-12T21:56:27","date_gmt":"2021-07-12T21:56:27","guid":{"rendered":"https:\/\/bslthemes.site\/vcard\/?page_id=39"},"modified":"2025-09-23T21:39:46","modified_gmt":"2025-09-23T18:39:46","slug":"home","status":"publish","type":"page","link":"https:\/\/ilkeruzunboy.com.tr\/","title":{"rendered":"Anasayfa"},"content":{"rendered":"\t\t<div data-elementor-type=\"wp-page\" data-elementor-id=\"39\" class=\"elementor elementor-39\">\n\t\t\t\t\t\t<section class=\"elementor-section elementor-top-section elementor-element elementor-element-55a2894 elementor-section-full_width elementor-section-height-default elementor-section-height-default\" data-id=\"55a2894\" data-element_type=\"section\">\n\t\t\t\t\t\t<div class=\"elementor-container elementor-column-gap-no\">\n\t\t\t\t\t<div class=\"elementor-column elementor-col-100 elementor-top-column elementor-element elementor-element-a0b559d\" data-id=\"a0b559d\" data-element_type=\"column\">\n\t\t\t<div class=\"elementor-widget-wrap elementor-element-populated\">\n\t\t\t\t\t\t<div class=\"elementor-element elementor-element-9d8e3cd elementor-widget elementor-widget-vcard-about-me\" data-id=\"9d8e3cd\" data-element_type=\"widget\" data-widget_type=\"vcard-about-me.default\">\n\t\t\t\t<div class=\"elementor-widget-container\">\n\t\t\t\n\t\t\t\t<!-- About -->\n\t\t<div class=\"pb-0 pb-sm-2 section\">\n\t\t\t            <h1 class=\"title title--h title--h1 first-title title__separate\">\n            \t<span >\n\t\t\t\t\tHakk\u0131mda\t\t\t\t<\/span>\n            <\/h1>\n                                    <div class=\"single-post-text\">\n\t\t\t    <div >\n\t\t    \t\t<p>\u0130n\u00f6n\u00fc \u00dcniversitesi G\u00fczel Sanatlar Fak\u00fcltesi M\u00fczik Teknolojileri 3.s\u0131n\u0131f \u00f6\u011frencisiyim.<br \/>Freelance olarak E-Ticaret sistemleri ve kurumsal web siteleri \u00fczerine hizmet veriyorum.<\/p><p>K\u00fc\u00e7\u00fck ya\u015ftan itibaren teknolojiye olan ilgim geli\u015fmeleriyle beraber beni farkl\u0131 alanlara y\u00f6nlendirdi. Bu ilgim bir\u00e7ok alanda kendimi geli\u015ftirmeme imkan sa\u011flad\u0131.<\/p><p>Detayc\u0131 bir yap\u0131m oldu\u011fundan her zaman daha fazla bilgi kazan\u0131yorum. Toplad\u0131\u011f\u0131m bu bilgi birikimiyle beraber, olumlu d\u00f6n\u00fc\u015fler ald\u0131\u011f\u0131mda daha \u00e7ok motive oluyorum.<\/p><p>Kariyerimde birlikte \u00e7al\u0131\u015ft\u0131\u011f\u0131m g\u00fcncel markalar\u0131 detayl\u0131 bir \u015fekilde inceleyebilirsin.<\/p>\t\t\n\t\t    \t<\/div>\n\t\t    <\/div>\n\t\t\t\t    <\/div>\n\t    \n\t\t\t\t<\/div>\n\t\t\t\t<\/div>\n\t\t\t\t\t<\/div>\n\t\t<\/div>\n\t\t\t\t\t<\/div>\n\t\t<\/section>\n\t\t\t\t<section class=\"elementor-section elementor-top-section elementor-element elementor-element-43f5404 elementor-section-full_width elementor-section-height-default elementor-section-height-default\" data-id=\"43f5404\" data-element_type=\"section\">\n\t\t\t\t\t\t<div class=\"elementor-container elementor-column-gap-default\">\n\t\t\t\t\t<div class=\"elementor-column elementor-col-100 elementor-top-column elementor-element elementor-element-4e04a75\" data-id=\"4e04a75\" data-element_type=\"column\">\n\t\t\t<div class=\"elementor-widget-wrap elementor-element-populated\">\n\t\t\t\t\t\t<div class=\"elementor-element elementor-element-40591a9 e-transform e-transform e-transform elementor-widget elementor-widget-vcard-clients\" data-id=\"40591a9\" data-element_type=\"widget\" data-settings=\"{&quot;_transform_rotateZ_effect&quot;:{&quot;unit&quot;:&quot;px&quot;,&quot;size&quot;:&quot;&quot;,&quot;sizes&quot;:[]},&quot;_transform_rotateZ_effect_tablet&quot;:{&quot;unit&quot;:&quot;deg&quot;,&quot;size&quot;:&quot;&quot;,&quot;sizes&quot;:[]},&quot;_transform_rotateZ_effect_mobile&quot;:{&quot;unit&quot;:&quot;deg&quot;,&quot;size&quot;:&quot;&quot;,&quot;sizes&quot;:[]},&quot;_transform_translateX_effect&quot;:{&quot;unit&quot;:&quot;px&quot;,&quot;size&quot;:&quot;&quot;,&quot;sizes&quot;:[]},&quot;_transform_translateX_effect_tablet&quot;:{&quot;unit&quot;:&quot;px&quot;,&quot;size&quot;:&quot;&quot;,&quot;sizes&quot;:[]},&quot;_transform_translateX_effect_mobile&quot;:{&quot;unit&quot;:&quot;px&quot;,&quot;size&quot;:&quot;&quot;,&quot;sizes&quot;:[]},&quot;_transform_translateY_effect&quot;:{&quot;unit&quot;:&quot;px&quot;,&quot;size&quot;:&quot;&quot;,&quot;sizes&quot;:[]},&quot;_transform_translateY_effect_tablet&quot;:{&quot;unit&quot;:&quot;px&quot;,&quot;size&quot;:&quot;&quot;,&quot;sizes&quot;:[]},&quot;_transform_translateY_effect_mobile&quot;:{&quot;unit&quot;:&quot;px&quot;,&quot;size&quot;:&quot;&quot;,&quot;sizes&quot;:[]},&quot;_transform_scale_effect&quot;:{&quot;unit&quot;:&quot;px&quot;,&quot;size&quot;:&quot;&quot;,&quot;sizes&quot;:[]},&quot;_transform_scale_effect_tablet&quot;:{&quot;unit&quot;:&quot;px&quot;,&quot;size&quot;:&quot;&quot;,&quot;sizes&quot;:[]},&quot;_transform_scale_effect_mobile&quot;:{&quot;unit&quot;:&quot;px&quot;,&quot;size&quot;:&quot;&quot;,&quot;sizes&quot;:[]}}\" data-widget_type=\"vcard-clients.default\">\n\t\t\t\t<div class=\"elementor-widget-container\">\n\t\t\t\n\t\t<!-- Clients -->\n\t\t<div class=\"box-inner section\">\n\t\t\t\t\t    <h2 class=\"title title--h title--h3\">\n\t\t    \t<span >\n            \t\tReferanslar\u0131m            \t<\/span>\n\t\t    <\/h2>\n\t\t    \n\t\t\t\t\t\t<div class=\"swiper-container js-carousel-clients\">\n                <div class=\"swiper-wrapper\">\n\t\t\t\t    \t\t\t\t    \t\t\t\t    <!-- Item client -->\n                    <div class=\"swiper-slide\">\n\t\t\t\t\t    \t\t\t\t\t\t<a  target=\"_blank\" href=\"https:\/\/aluclu.com\" title=\"Alu\u00e7lu\">\n\t\t\t\t\t\t\t\t\t\t\t\t\t<img decoding=\"async\" src=\"https:\/\/ilkeruzunboy.com.tr\/wp-content\/uploads\/2024\/03\/favicon-aluclu-256x256.png\" alt=\"Alu\u00e7lu\" \/>\n\t\t\t\t\t\t\t\t\t\t\t\t<\/a>\n\t\t\t\t\t\t\t\t\t\t\t<\/div>\n\t\t\t\t\t\t\t\t\t\t\t\t\t\t    \t\t\t\t    <!-- Item client -->\n                    <div class=\"swiper-slide\">\n\t\t\t\t\t    \t\t\t\t\t\t<a  target=\"_blank\" href=\"https:\/\/gundogdukayisi.com\" title=\"G\u00fcndo\u011fdu Kay\u0131s\u0131 ve Kuruyemi\u015f\">\n\t\t\t\t\t\t\t\t\t\t\t\t\t<img decoding=\"async\" src=\"https:\/\/ilkeruzunboy.com.tr\/wp-content\/uploads\/2022\/01\/gundogdu-etiket2-256x256.png\" alt=\"G\u00fcndo\u011fdu Kay\u0131s\u0131 ve Kuruyemi\u015f\" \/>\n\t\t\t\t\t\t\t\t\t\t\t\t<\/a>\n\t\t\t\t\t\t\t\t\t\t\t<\/div>\n\t\t\t\t\t\t\t\t\t\t\t\t\t\t    \t\t\t\t    <!-- Item client -->\n                    <div class=\"swiper-slide\">\n\t\t\t\t\t    \t\t\t\t\t\t<a  target=\"_blank\" href=\"https:\/\/surmelitasma.com\" title=\"S\u00fcrmeli Tasma \u00ae\">\n\t\t\t\t\t\t\t\t\t\t\t\t\t<img decoding=\"async\" src=\"https:\/\/ilkeruzunboy.com.tr\/wp-content\/uploads\/2022\/01\/logo-256x85.png\" alt=\"S\u00fcrmeli Tasma \u00ae\" \/>\n\t\t\t\t\t\t\t\t\t\t\t\t<\/a>\n\t\t\t\t\t\t\t\t\t\t\t<\/div>\n\t\t\t\t\t\t\t\t\t\t\t\t\t\t    \t\t\t\t    <!-- Item client -->\n                    <div class=\"swiper-slide\">\n\t\t\t\t\t    \t\t\t\t\t\t<a  target=\"_blank\" href=\"https:\/\/sakaryasutesisati.com.tr\/\" title=\"Sakarya Su Tesisat\u0131\">\n\t\t\t\t\t\t\t\t\t\t\t\t\t<img decoding=\"async\" src=\"https:\/\/ilkeruzunboy.com.tr\/wp-content\/uploads\/2024\/07\/logo-1710157082-2579-sstat-256x200.png\" alt=\"Sakarya Su Tesisat\u0131\" \/>\n\t\t\t\t\t\t\t\t\t\t\t\t<\/a>\n\t\t\t\t\t\t\t\t\t\t\t<\/div>\n\t\t\t\t\t\t\t\t\t\t\t\t\t\t    \t\t\t\t    <!-- Item client -->\n                    <div class=\"swiper-slide\">\n\t\t\t\t\t    \t\t\t\t\t\t<a  target=\"_blank\" href=\"https:\/\/erdonmezler.com.tr\" title=\"Erd\u00f6nmezler Tekstil \u00ae\">\n\t\t\t\t\t\t\t\t\t\t\t\t\t<img decoding=\"async\" src=\"https:\/\/ilkeruzunboy.com.tr\/wp-content\/uploads\/2022\/01\/fhd-logo-256x144.png\" alt=\"Erd\u00f6nmezler Tekstil \u00ae\" \/>\n\t\t\t\t\t\t\t\t\t\t\t\t<\/a>\n\t\t\t\t\t\t\t\t\t\t\t<\/div>\n\t\t\t\t\t\t\t\t\t\t\t\t\t\t    \t\t\t\t    <!-- Item client -->\n                    <div class=\"swiper-slide\">\n\t\t\t\t\t    \t\t\t\t\t\t<a  target=\"_blank\" href=\"https:\/\/ozmalatyatesisat.com\/\" title=\"\u00d6z Malatya S\u0131hhi Tesisat\">\n\t\t\t\t\t\t\t\t\t\t\t\t\t<img decoding=\"async\" src=\"https:\/\/ilkeruzunboy.com.tr\/wp-content\/uploads\/2024\/03\/6230f7e0741fa96999318e51cf35d162-256x113.png\" alt=\"\u00d6z Malatya S\u0131hhi Tesisat\" \/>\n\t\t\t\t\t\t\t\t\t\t\t\t<\/a>\n\t\t\t\t\t\t\t\t\t\t\t<\/div>\n\t\t\t\t\t\t\t\t\t\t\t\t\t\t    \t\t\t\t    <!-- Item client -->\n                    <div class=\"swiper-slide\">\n\t\t\t\t\t    \t\t\t\t\t\t<a  target=\"_blank\" href=\"https:\/\/livahaliyikama.com\" title=\"Malatya Liva Hal\u0131 Y\u0131kama\">\n\t\t\t\t\t\t\t\t\t\t\t\t\t<img decoding=\"async\" src=\"https:\/\/ilkeruzunboy.com.tr\/wp-content\/uploads\/2023\/02\/liva-logo-256x89.jpg\" alt=\"Malatya Liva Hal\u0131 Y\u0131kama\" \/>\n\t\t\t\t\t\t\t\t\t\t\t\t<\/a>\n\t\t\t\t\t\t\t\t\t\t\t<\/div>\n\t\t\t\t\t\t\t\t\t\t\t\t\t\t    \t\t\t\t    <!-- Item client -->\n                    <div class=\"swiper-slide\">\n\t\t\t\t\t    \t\t\t\t\t\t<a  target=\"_blank\" href=\"https:\/\/malatyadivanhaliyikama.com\" title=\"Malatya Divan Hal\u0131 Y\u0131kama\">\n\t\t\t\t\t\t\t\t\t\t\t\t\t<img decoding=\"async\" src=\"https:\/\/ilkeruzunboy.com.tr\/wp-content\/uploads\/2022\/10\/divan_hali-256x256.jpg\" alt=\"Malatya Divan Hal\u0131 Y\u0131kama\" \/>\n\t\t\t\t\t\t\t\t\t\t\t\t<\/a>\n\t\t\t\t\t\t\t\t\t\t\t<\/div>\n\t\t\t\t\t\t\t\t\t\t\t\t\t\t    \t\t\t\t    <!-- Item client -->\n                    <div class=\"swiper-slide\">\n\t\t\t\t\t    \t\t\t\t\t\t<a  target=\"_blank\" href=\"https:\/\/puturgekayisi.com\" title=\"P\u00fct\u00fcrge Kay\u0131s\u0131\">\n\t\t\t\t\t\t\t\t\t\t\t\t\t<img decoding=\"async\" src=\"https:\/\/ilkeruzunboy.com.tr\/wp-content\/uploads\/2022\/01\/puturge-kayisi-logo2-256x149.png\" alt=\"P\u00fct\u00fcrge Kay\u0131s\u0131\" \/>\n\t\t\t\t\t\t\t\t\t\t\t\t<\/a>\n\t\t\t\t\t\t\t\t\t\t\t<\/div>\n\t\t\t\t\t\t\t\t\t\t\t\t\t\t    \t\t\t\t    <!-- Item client -->\n                    <div class=\"swiper-slide\">\n\t\t\t\t\t    \t\t\t\t\t\t<a  href=\"https:\/\/asiklartantuni.com\" title=\"A\u015f\u0131klar Tantuni \u00ae\">\n\t\t\t\t\t\t\t\t\t\t\t\t\t<img decoding=\"async\" src=\"https:\/\/ilkeruzunboy.com.tr\/wp-content\/uploads\/2022\/01\/asiklartantunilogo-256x144.jpg\" alt=\"A\u015f\u0131klar Tantuni \u00ae\" \/>\n\t\t\t\t\t\t\t\t\t\t\t\t<\/a>\n\t\t\t\t\t\t\t\t\t\t\t<\/div>\n\t\t\t\t\t\t\t\t\t\t\t\t\t\t    \t\t\t\t    <!-- Item client -->\n                    <div class=\"swiper-slide\">\n\t\t\t\t\t    \t\t\t\t\t\t<a  target=\"_blank\" href=\"https:\/\/kartanesikayisi.com\/\" title=\"Kartanesi Kay\u0131s\u0131\">\n\t\t\t\t\t\t\t\t\t\t\t\t\t<img decoding=\"async\" src=\"https:\/\/ilkeruzunboy.com.tr\/wp-content\/uploads\/2023\/06\/kartanesi-logo-256x102.png\" alt=\"Kartanesi Kay\u0131s\u0131\" \/>\n\t\t\t\t\t\t\t\t\t\t\t\t<\/a>\n\t\t\t\t\t\t\t\t\t\t\t<\/div>\n\t\t\t\t\t\t\t\t\t\t\t\t\t\t<\/div>\n\t\t\t\t\n\t\t\t\t<div class=\"swiper-pagination\"><\/div>\n\t\t\t<\/div>\n\t\t\t\t\t<\/div>\n\n\t\t\t\t<\/div>\n\t\t\t\t<\/div>\n\t\t\t\t\t<\/div>\n\t\t<\/div>\n\t\t\t\t\t<\/div>\n\t\t<\/section>\n\t\t\t\t<section class=\"elementor-section elementor-top-section elementor-element elementor-element-a3baa10 elementor-section-full_width elementor-section-height-default elementor-section-height-default\" data-id=\"a3baa10\" data-element_type=\"section\">\n\t\t\t\t\t\t<div class=\"elementor-container elementor-column-gap-no\">\n\t\t\t\t\t<div class=\"elementor-column elementor-col-100 elementor-top-column elementor-element elementor-element-0a35826\" data-id=\"0a35826\" data-element_type=\"column\">\n\t\t\t<div class=\"elementor-widget-wrap elementor-element-populated\">\n\t\t\t\t\t\t<div class=\"elementor-element elementor-element-088f57d elementor-widget elementor-widget-vcard-services-compact\" data-id=\"088f57d\" data-element_type=\"widget\" data-widget_type=\"vcard-services-compact.default\">\n\t\t\t\t<div class=\"elementor-widget-container\">\n\t\t\t\n\n\t\t<!-- What -->\n\t\t<div class=\"box-inner box-inner--white pb-0 section\">\n\t\t\t\t\t    <h2 class=\"title title--h title--h3\">\n\t\t    \t<span >\n            \t\tNeler Yap\u0131yorum            \t<\/span>\n\t\t    <\/h2>\n\t\t    \n\t\t    \t\t\t<div class=\"row\">\n\t\t\t \t\t\t\t    <!-- Case Item -->\n\t\t\t    <div class=\"col-12 col-lg-6\">\n\t\t\t        <div class=\"case-item case-item-compact box box__second\">\n\t\t\t        \t\t\t\t        \t\t\t\t        \t<img decoding=\"async\" class=\"case-item__icon\" src=\"https:\/\/ilkeruzunboy.com.tr\/wp-content\/uploads\/2022\/01\/online-shopping.png\" alt=\"\" \/>\n\t\t\t        \t\t\t\t        \t\t\t\t\t\t\t<div>\n\t\t\t\t\t\t\t\t\t\t\t\t        <h3 class=\"title title--h5\">\n\t\t\t\t\t        \t<span >\n\t\t\t\t\t\t\t\t\tE-Ticaret Sistemleri\t\t\t\t\t\t\t\t<\/span>\n\t\t\t\t\t        <\/h3>\n\t\t\t\t\t    \t\t\t\t\t\t    \t\t\t\t\t\t\t    <p class=\"case-item__caption\">\n\t\t\t\t\t\t    \t<span >\n\t\t\t\t\t\t\t\t\tGeli\u015fmi\u015f E-Ticaret yaz\u0131l\u0131mlar\u0131 ile birlikte, markan\u0131z\u0131n imaj\u0131n\u0131 do\u011fru bir \u015fekilde yans\u0131tarak \u00fcr\u00fcnlerinizi dijital ortamda yay\u0131nlay\u0131p sat\u0131\u015fa haz\u0131rl\u0131yorum.\t\t\t\t\t\t\t\t<\/span>\n\t\t\t\t\t\t    <\/p>\n\t\t\t\t\t\t\t\t\t\t\t\t\t<\/div>\t\n\t\t\t\t\t<\/div>\n\t\t\t\t<\/div>\n\t\t\t\t\t\t\t    <!-- Case Item -->\n\t\t\t    <div class=\"col-12 col-lg-6\">\n\t\t\t        <div class=\"case-item case-item-compact box box__second\">\n\t\t\t        \t\t\t\t        \t\t\t\t        \t<img decoding=\"async\" class=\"case-item__icon\" src=\"https:\/\/ilkeruzunboy.com.tr\/wp-content\/uploads\/2022\/01\/web-site.png\" alt=\"\" \/>\n\t\t\t        \t\t\t\t        \t\t\t\t\t\t\t<div>\n\t\t\t\t\t\t\t\t\t\t\t\t        <h3 class=\"title title--h5\">\n\t\t\t\t\t        \t<span >\n\t\t\t\t\t\t\t\t\tKurumsal Web Sitesi\t\t\t\t\t\t\t\t<\/span>\n\t\t\t\t\t        <\/h3>\n\t\t\t\t\t    \t\t\t\t\t\t    \t\t\t\t\t\t\t    <p class=\"case-item__caption\">\n\t\t\t\t\t\t    \t<span >\n\t\t\t\t\t\t\t\t\tFirman\u0131z\u0131n ihtiya\u00e7lar\u0131 do\u011frultusunda kurumsal imaj hedeflerine uygun tasar\u0131mlar\u0131m sayesinde kurumsal web sitelerinizi haz\u0131rl\u0131yorum.\t\t\t\t\t\t\t\t<\/span>\n\t\t\t\t\t\t    <\/p>\n\t\t\t\t\t\t\t\t\t\t\t\t\t<\/div>\t\n\t\t\t\t\t<\/div>\n\t\t\t\t<\/div>\n\t\t\t\t\t\t\t    <!-- Case Item -->\n\t\t\t    <div class=\"col-12 col-lg-6\">\n\t\t\t        <div class=\"case-item case-item-compact box box__second\">\n\t\t\t        \t\t\t\t        \t\t\t\t        \t<img decoding=\"async\" class=\"case-item__icon\" src=\"https:\/\/ilkeruzunboy.com.tr\/wp-content\/uploads\/2022\/01\/graphic-design.png\" alt=\"\" \/>\n\t\t\t        \t\t\t\t        \t\t\t\t\t\t\t<div>\n\t\t\t\t\t\t\t\t\t\t\t\t        <h3 class=\"title title--h5\">\n\t\t\t\t\t        \t<span >\n\t\t\t\t\t\t\t\t\tGrafik Tasar\u0131m\t\t\t\t\t\t\t\t<\/span>\n\t\t\t\t\t        <\/h3>\n\t\t\t\t\t    \t\t\t\t\t\t    \t\t\t\t\t\t\t    <p class=\"case-item__caption\">\n\t\t\t\t\t\t    \t<span >\n\t\t\t\t\t\t\t\t\tFirman\u0131z\u0131n olmazsa olmaz\u0131 logo, banner ve sosyal medya tasar\u0131m \u015fablonlar\u0131n\u0131 haz\u0131rl\u0131yorum.\t\t\t\t\t\t\t\t<\/span>\n\t\t\t\t\t\t    <\/p>\n\t\t\t\t\t\t\t\t\t\t\t\t\t<\/div>\t\n\t\t\t\t\t<\/div>\n\t\t\t\t<\/div>\n\t\t\t\t\t\t\t    <!-- Case Item -->\n\t\t\t    <div class=\"col-12 col-lg-6\">\n\t\t\t        <div class=\"case-item case-item-compact box box__second\">\n\t\t\t        \t\t\t\t        \t\t\t\t        \t<img decoding=\"async\" class=\"case-item__icon\" src=\"https:\/\/ilkeruzunboy.com.tr\/wp-content\/uploads\/2023\/07\/mobile-development.png\" alt=\"\" \/>\n\t\t\t        \t\t\t\t        \t\t\t\t\t\t\t<div>\n\t\t\t\t\t\t\t\t\t\t\t\t        <h3 class=\"title title--h5\">\n\t\t\t\t\t        \t<span >\n\t\t\t\t\t\t\t\t\tAndroid &amp; iOS Uygulama\t\t\t\t\t\t\t\t<\/span>\n\t\t\t\t\t        <\/h3>\n\t\t\t\t\t    \t\t\t\t\t\t    \t\t\t\t\t\t\t    <p class=\"case-item__caption\">\n\t\t\t\t\t\t    \t<span >\n\t\t\t\t\t\t\t\t\tWeb siteniz i\u00e7in uygulama tasar\u0131mlar\u0131 ve yay\u0131nlama s\u00fcrecinin tamam\u0131nda sizlere yard\u0131mc\u0131 oluyorum.\t\t\t\t\t\t\t\t<\/span>\n\t\t\t\t\t\t    <\/p>\n\t\t\t\t\t\t\t\t\t\t\t\t\t<\/div>\t\n\t\t\t\t\t<\/div>\n\t\t\t\t<\/div>\n\t\t\t\t\t\t\t<\/div>\n\t\t\t\t\t<\/div>\n\n\t\t\t\t<\/div>\n\t\t\t\t<\/div>\n\t\t\t\t\t<\/div>\n\t\t<\/div>\n\t\t\t\t\t<\/div>\n\t\t<\/section>\n\t\t\t\t<section class=\"elementor-section elementor-top-section elementor-element elementor-element-c8e998c elementor-section-boxed elementor-section-height-default elementor-section-height-default\" data-id=\"c8e998c\" data-element_type=\"section\">\n\t\t\t\t\t\t<div class=\"elementor-container elementor-column-gap-default\">\n\t\t\t\t\t<div class=\"elementor-column elementor-col-100 elementor-top-column elementor-element elementor-element-db42e49\" data-id=\"db42e49\" data-element_type=\"column\">\n\t\t\t<div class=\"elementor-widget-wrap elementor-element-populated\">\n\t\t\t\t\t\t<div class=\"elementor-element elementor-element-1d0e77d elementor-widget elementor-widget-vcard-contact-form\" data-id=\"1d0e77d\" data-element_type=\"widget\" data-widget_type=\"vcard-contact-form.default\">\n\t\t\t\t<div class=\"elementor-widget-container\">\n\t\t\t\n\t\t<div class=\"pb-0 section\">\n\t\t\t\t\t\t<h2 class=\"title title--h3\">\n\t\t\t\t<span >\n            \t\t\u0130leti\u015fim            \t<\/span>\n\t\t\t<\/h2>\n\t\t\t\n\t\t\t\t\t\t<div id=\"contact-form\" class=\"contact-form\">\n\t            <div role=\"form\" class=\"wpcf7\" id=\"wpcf7-f380-o1\" lang=\"en-US\" dir=\"ltr\">\n<div class=\"screen-reader-response\"><p role=\"status\" aria-live=\"polite\" aria-atomic=\"true\"><\/p> <ul><\/ul><\/div>\n<form action=\"\/index.php\/wp-json\/wp\/v2\/pages\/39#wpcf7-f380-o1\" method=\"post\" class=\"wpcf7-form init\" novalidate=\"novalidate\" data-status=\"init\">\n<div style=\"display: none;\">\n<input type=\"hidden\" name=\"_wpcf7\" value=\"380\" \/>\n<input type=\"hidden\" name=\"_wpcf7_version\" value=\"5.5.3\" \/>\n<input type=\"hidden\" name=\"_wpcf7_locale\" value=\"en_US\" \/>\n<input type=\"hidden\" name=\"_wpcf7_unit_tag\" value=\"wpcf7-f380-o1\" \/>\n<input type=\"hidden\" name=\"_wpcf7_container_post\" value=\"0\" \/>\n<input type=\"hidden\" name=\"_wpcf7_posted_data_hash\" value=\"\" \/>\n<input type=\"hidden\" name=\"_wpcf7_recaptcha_response\" value=\"\" \/>\n<\/div>\n<div class=\"row\">\n<div class=\"form-group col-12 col-md-6\">\n\t<i class=\"font-icon icon-user\"><\/i><br \/>\n        <span class=\"wpcf7-form-control-wrap cf_name\"><input type=\"text\" name=\"cf_name\" value=\"\" size=\"40\" class=\"wpcf7-form-control wpcf7-text wpcf7-validates-as-required input input__icon form-control\" aria-required=\"true\" aria-invalid=\"false\" placeholder=\"Ad Soyad\" \/><\/span>\n    <\/div>\n<div class=\"form-group col-12 col-md-6\">\n\t<i class=\"font-icon icon-envelope\"><\/i><br \/>\n        <span class=\"wpcf7-form-control-wrap cf_email\"><input type=\"email\" name=\"cf_email\" value=\"\" size=\"40\" class=\"wpcf7-form-control wpcf7-text wpcf7-email wpcf7-validates-as-required wpcf7-validates-as-email input input__icon form-control\" aria-required=\"true\" aria-invalid=\"false\" placeholder=\"E-Posta\" \/><\/span>\n    <\/div>\n<div class=\"form-group col-12 col-md-12\">\n        <span class=\"wpcf7-form-control-wrap cf_message\"><textarea name=\"cf_message\" cols=\"40\" rows=\"10\" class=\"wpcf7-form-control wpcf7-textarea wpcf7-validates-as-required textarea form-control\" aria-required=\"true\" aria-invalid=\"false\" placeholder=\"Mesaj\u0131n\u0131z\"><\/textarea><\/span>\n    <\/div>\n<\/div>\n<div class=\"row\">\n<div class=\"col-12 text-right\">\n        <button type=\"submit\" class=\"btn\"><i class=\"font-icon icon-send\"><\/i>G\u00f6nder<\/button>\n    <\/div>\n<\/div>\n<div class=\"wpcf7-response-output\" aria-hidden=\"true\"><\/div><\/form><\/div>\t        <\/div>\n\t        \t    <\/div>\n\n\t\t\t\t<\/div>\n\t\t\t\t<\/div>\n\t\t\t\t\t<\/div>\n\t\t<\/div>\n\t\t\t\t\t<\/div>\n\t\t<\/section>\n\t\t\t\t<\/div>\n\t\t","protected":false},"excerpt":{"rendered":"<p>Hakk\u0131mda \u0130n\u00f6n\u00fc \u00dcniversitesi G\u00fczel Sanatlar Fak\u00fcltesi M\u00fczik Teknolojileri 3.s\u0131n\u0131f \u00f6\u011frencisiyim.Freelance olarak E-Ticaret sistemleri ve kurumsal web siteleri \u00fczerine hizmet veriyorum&#8230;.<\/p>\n<div><a href=\"https:\/\/ilkeruzunboy.com.tr\/\" class=\"btn\"><span>Read more<\/span><\/a><\/div>\n","protected":false},"author":1,"featured_media":0,"parent":0,"menu_order":0,"comment_status":"closed","ping_status":"closed","template":"template-layout-builder.php","meta":{"_monsterinsights_skip_tracking":false,"_monsterinsights_sitenote_active":false,"_monsterinsights_sitenote_note":"","_monsterinsights_sitenote_category":0,"footnotes":""},"class_list":["post-39","page","type-page","status-publish","hentry"],"aioseo_notices":[],"_links":{"self":[{"href":"https:\/\/ilkeruzunboy.com.tr\/index.php\/wp-json\/wp\/v2\/pages\/39","targetHints":{"allow":["GET"]}}],"collection":[{"href":"https:\/\/ilkeruzunboy.com.tr\/index.php\/wp-json\/wp\/v2\/pages"}],"about":[{"href":"https:\/\/ilkeruzunboy.com.tr\/index.php\/wp-json\/wp\/v2\/types\/page"}],"author":[{"embeddable":true,"href":"https:\/\/ilkeruzunboy.com.tr\/index.php\/wp-json\/wp\/v2\/users\/1"}],"replies":[{"embeddable":true,"href":"https:\/\/ilkeruzunboy.com.tr\/index.php\/wp-json\/wp\/v2\/comments?post=39"}],"version-history":[{"count":272,"href":"https:\/\/ilkeruzunboy.com.tr\/index.php\/wp-json\/wp\/v2\/pages\/39\/revisions"}],"predecessor-version":[{"id":846,"href":"https:\/\/ilkeruzunboy.com.tr\/index.php\/wp-json\/wp\/v2\/pages\/39\/revisions\/846"}],"wp:attachment":[{"href":"https:\/\/ilkeruzunboy.com.tr\/index.php\/wp-json\/wp\/v2\/media?parent=39"}],"curies":[{"name":"wp","href":"https:\/\/api.w.org\/{rel}","templated":true}]}}